{"id":9,"date":"2025-05-05T17:40:39","date_gmt":"2025-05-05T15:40:39","guid":{"rendered":"http:\/\/zwycieska.ovh\/?page_id=9"},"modified":"2025-05-05T21:49:14","modified_gmt":"2025-05-05T19:49:14","slug":"strona-glowna","status":"publish","type":"page","link":"https:\/\/zwycieska.ovh\/","title":{"rendered":"Konsultacje spo\u0142eczne ul. Zwyci\u0119ska we Wroc\u0142awiu"},"content":{"rendered":"\r\n<p>Zapraszamy do zapoznania si\u0119 z inwestycj\u0105 na ul. Zwyci\u0119skiej oraz wyra\u017cenia swoich opinii, pogl\u0105d\u00f3w i odpowiedzi na jej temat. <br \/><br \/><br \/><\/p>\r\n","protected":false},"excerpt":{"rendered":"<p>Zapraszamy do zapoznania si\u0119 z inwestycj\u0105 na ul. Zwyci\u0119skiej oraz wyra\u017cenia swoich opinii, pogl\u0105d\u00f3w i odpowiedzi na jej temat.<\/p>\n","protected":false},"author":1,"featured_media":0,"parent":0,"menu_order":0,"comment_status":"closed","ping_status":"closed","template":"","meta":{"footnotes":""},"class_list":["post-9","page","type-page","status-publish","hentry"],"_links":{"self":[{"href":"https:\/\/zwycieska.ovh\/index.php\/wp-json\/wp\/v2\/pages\/9","targetHints":{"allow":["GET"]}}],"collection":[{"href":"https:\/\/zwycieska.ovh\/index.php\/wp-json\/wp\/v2\/pages"}],"about":[{"href":"https:\/\/zwycieska.ovh\/index.php\/wp-json\/wp\/v2\/types\/page"}],"author":[{"embeddable":true,"href":"https:\/\/zwycieska.ovh\/index.php\/wp-json\/wp\/v2\/users\/1"}],"replies":[{"embeddable":true,"href":"https:\/\/zwycieska.ovh\/index.php\/wp-json\/wp\/v2\/comments?post=9"}],"version-history":[{"count":12,"href":"https:\/\/zwycieska.ovh\/index.php\/wp-json\/wp\/v2\/pages\/9\/revisions"}],"predecessor-version":[{"id":107,"href":"https:\/\/zwycieska.ovh\/index.php\/wp-json\/wp\/v2\/pages\/9\/revisions\/107"}],"wp:attachment":[{"href":"https:\/\/zwycieska.ovh\/index.php\/wp-json\/wp\/v2\/media?parent=9"}],"curies":[{"name":"wp","href":"https:\/\/api.w.org\/{rel}","templated":true}]}}